{"id":155,"date":"2017-10-18T18:11:50","date_gmt":"2017-10-18T16:11:50","guid":{"rendered":"http:\/\/catherinejarrier.com\/?page_id=155"},"modified":"2018-02-23T20:29:23","modified_gmt":"2018-02-23T19:29:23","slug":"contact","status":"publish","type":"page","link":"https:\/\/catherinejarrier.com\/index.php\/contact\/","title":{"rendered":"Contact"},"content":{"rendered":"<div class=\"wpb-content-wrapper\"><p>[vc_row][vc_column][vc_column_text css_animation=\u00a0\u00bbfadeInLeft\u00a0\u00bb]En attendant de nous rencontrer, vous pouvez me laisser un message :[\/vc_column_text][\/vc_column][\/vc_row][vc_row][vc_column][lab_contact_form name_title=\u00a0\u00bbnom :\u00a0\u00bb email_title=\u00a0\u00bbvotre email :\u00a0\u00bb message_title=\u00a0\u00bb\u00e0 propos de :\u00a0\u00bb show_subject_field=\u00a0\u00bbyes\u00a0\u00bb submit_title=\u00a0\u00bbenvoyez\u00a0\u00bb submit_success=\u00a0\u00bbmerci, votre message a bien \u00e9t\u00e9 envoy\u00e9\u00a0\u00bb alert_errors=\u00a0\u00bb\u00a0\u00bb email_receiver=\u00a0\u00bbcjarrier@gmail.com\u00a0\u00bb el_class=\u00a0\u00bbCatherine Jarrier, d\u00e9coration, sc\u00e9nographie \u2022 06 25 49 85 85&Prime;][\/vc_column][\/vc_row][vc_row][vc_column][vc_column_text css_animation=\u00a0\u00bbfadeInRight\u00a0\u00bb]<\/p>\n<p style=\"text-align: center;\">Catherine Jarrier, d\u00e9coratrice &#8211; sc\u00e9nographe \u2022 D\u00e9veloppement et design web : Fr\u00e9d\u00e9ric Joffre, design graphique \u2022\u00a0<a href=\"http:\/\/www.fredericjoffre.com\">http:\/\/www.fredericjoffre.com<\/a><\/p>\n<p>[\/vc_column_text][\/vc_column][\/vc_row]<\/p>\n<\/div>","protected":false},"excerpt":{"rendered":"<p>[vc_row][vc_column][vc_column_text css_animation=\u00a0\u00bbfadeInLeft\u00a0\u00bb]En attendant de nous rencontrer, vous pouvez me laisser un message :[\/vc_column_text][\/vc_column][\/vc_row][vc_row][vc_column][lab_contact_form name_title=\u00a0\u00bbnom :\u00a0\u00bb email_title=\u00a0\u00bbvotre email :\u00a0\u00bb message_title=\u00a0\u00bb\u00e0 propos de :\u00a0\u00bb show_subject_field=\u00a0\u00bbyes\u00a0\u00bb submit_title=\u00a0\u00bbenvoyez\u00a0\u00bb submit_success=\u00a0\u00bbmerci, votre message a bien \u00e9t\u00e9 envoy\u00e9\u00a0\u00bb alert_errors=\u00a0\u00bb\u00a0\u00bb email_receiver=\u00a0\u00bbcjarrier@gmail.com\u00a0\u00bb el_class=\u00a0\u00bbCatherine Jarrier, d\u00e9coration, sc\u00e9nographie \u2022 06 25 49 85 85&Prime;][\/vc_column][\/vc_row][vc_row][vc_column][vc_column_text css_animation=\u00a0\u00bbfadeInRight\u00a0\u00bb] Catherine Jarrier, d\u00e9coratrice &#8211; sc\u00e9nographe \u2022 D\u00e9veloppement et design web :&hellip;<\/p>\n","protected":false},"author":1,"featured_media":0,"parent":0,"menu_order":0,"comment_status":"closed","ping_status":"closed","template":"","meta":{"_acf_changed":false,"footnotes":""},"acf":[],"_links":{"self":[{"href":"https:\/\/catherinejarrier.com\/index.php\/wp-json\/wp\/v2\/pages\/155"}],"collection":[{"href":"https:\/\/catherinejarrier.com\/index.php\/wp-json\/wp\/v2\/pages"}],"about":[{"href":"https:\/\/catherinejarrier.com\/index.php\/wp-json\/wp\/v2\/types\/page"}],"author":[{"embeddable":true,"href":"https:\/\/catherinejarrier.com\/index.php\/wp-json\/wp\/v2\/users\/1"}],"replies":[{"embeddable":true,"href":"https:\/\/catherinejarrier.com\/index.php\/wp-json\/wp\/v2\/comments?post=155"}],"version-history":[{"count":14,"href":"https:\/\/catherinejarrier.com\/index.php\/wp-json\/wp\/v2\/pages\/155\/revisions"}],"predecessor-version":[{"id":4290,"href":"https:\/\/catherinejarrier.com\/index.php\/wp-json\/wp\/v2\/pages\/155\/revisions\/4290"}],"wp:attachment":[{"href":"https:\/\/catherinejarrier.com\/index.php\/wp-json\/wp\/v2\/media?parent=155"}],"curies":[{"name":"wp","href":"https:\/\/api.w.org\/{rel}","templated":true}]}}